{"id":12730,"date":"2021-05-13T15:49:28","date_gmt":"2021-05-13T19:49:28","guid":{"rendered":"https:\/\/clone.arsacs.com\/?page_id=12730"},"modified":"2026-04-10T12:28:12","modified_gmt":"2026-04-10T16:28:12","slug":"fundraising","status":"publish","type":"page","link":"https:\/\/2026.arsacs.com\/fr\/fundraising\/","title":{"rendered":"Fundraising"},"content":{"rendered":"<div class=\"et_pb_section_0 et_pb_section et_section_regular et_flex_section\">\n<div class=\"et_pb_row_0 et_pb_row et_flex_row\">\n<div class=\"et_pb_column_0 et_pb_column et_flex_column et_pb_css_mix_blend_mode_passthrough et_flex_column_2_5 et_flex_column_2_5_tablet et_flex_column_24_24_phone\">\n<div class=\"et_pb_text_0 et_pb_text et_pb_bg_layout_light et_pb_module et_flex_module\"><div class=\"et_pb_text_inner\"><h2>The Ataxia Charlevoix-Saguenay Foundation receives the majority of its funding from individual donors and fundraising events.<\/h2>\n<\/div><\/div>\n\n<div class=\"et_pb_module et_pb_button_module_wrapper et_pb_button_0_wrapper preset--module--divi-button--default_wrapper\"><a class=\"et_pb_button_0 et_pb_button et_pb_bg_layout_dark et_pb_module et_flex_module preset--module--divi-button--default\" href=\"https:\/\/2026.arsacs.com\/fr\/research\/#current-projects\">View Current Projects<\/a><\/div>\n<\/div>\n\n<div class=\"et_pb_column_1 et_pb_column et-last-child et_flex_column et_pb_css_mix_blend_mode_passthrough et_flex_column_3_5 et_flex_column_3_5_tablet et_flex_column_24_24_phone\">\n<div class=\"et_pb_text_1 et_pb_text et_pb_bg_layout_light et_pb_module et_flex_module\"><div class=\"et_pb_text_inner\"><p>ARSACS is a rare disease, and you can make a meaningful difference by helping raise awareness and advocating for those affected.<\/p>\n<p>You might also consider organizing fundraising initiatives in your community to support ongoing research and clinical trials.<\/p>\n<p>Staying informed is another valuable way to contribute. You don\u2019t need a scientific background\u2014advances in other neurological conditions can sometimes lead to progress for ARSACS. If you come across updates such as new treatments, clinical trials, or research developments, consider sharing them with the ARSACS Foundation so their team can review and evaluate their potential relevance.<\/p>\n<\/div><\/div>\n<\/div>\n<\/div>\n\n<div class=\"et_pb_row_1 et_pb_row et_flex_row gq_r_fixed_buttons\">\n<div class=\"et_pb_column_2 et_pb_column et_flex_column et_pb_css_mix_blend_mode_passthrough et_flex_column_12_24 et_flex_column_12_24_tablet et_flex_column_24_24_phone\">\n<div class=\"et_pb_image_0 et_pb_image et_pb_module et_flex_module\"><span class=\"et_pb_image_wrap\"><img loading=\"lazy\" decoding=\"async\" src=\"https:\/\/2026.arsacs.com\/wp-content\/uploads\/2026\/04\/ARSACS-donate.jpg\" title=\"ARSACS donate\" width=\"1920\" height=\"1280\" srcset=\"https:\/\/2026.arsacs.com\/wp-content\/uploads\/2026\/04\/ARSACS-donate.jpg 1920w, https:\/\/2026.arsacs.com\/wp-content\/uploads\/2026\/04\/ARSACS-donate-1280x853.jpg 1280w, https:\/\/2026.arsacs.com\/wp-content\/uploads\/2026\/04\/ARSACS-donate-980x653.jpg 980w, https:\/\/2026.arsacs.com\/wp-content\/uploads\/2026\/04\/ARSACS-donate-480x320.jpg 480w\" sizes=\"(min-width: 0px) and (max-width: 480px) 480px, (min-width: 481px) and (max-width: 980px) 980px, (min-width: 981px) and (max-width: 1280px) 1280px, (min-width: 1281px) 1920px, 100vw\" class=\"wp-image-25861\" \/><\/span><\/div>\n\n<div class=\"et_pb_icon_0 et_pb_icon et_pb_module et_flex_module\"><span class=\"et_pb_icon_wrap\"><span class=\"et-pb-icon\">\ue0ed<\/span><\/span><\/div>\n\n<div class=\"et_pb_text_2 et_pb_text et_pb_bg_layout_light et_pb_module et_flex_module\"><div class=\"et_pb_text_inner\"><h3>Faire un don\u00a0<\/h3>\n<p>There are different ways to support ARSACS research. You can make a donation via on-line or by mailing a cheque. You can also make a donation: In Memoriam, a will or planned donation or a shares donation.<\/p>\n<\/div><\/div>\n\n<div class=\"et_pb_module et_pb_button_module_wrapper et_pb_button_1_wrapper preset--module--divi-button--default_wrapper\"><a class=\"et_pb_button_1 et_pb_button et_pb_bg_layout_dark et_pb_module et_flex_module preset--module--divi-button--default\" href=\"https:\/\/2026.arsacs.com\/fr\/donate-5\/\">Donate Now<\/a><\/div>\n<\/div>\n\n<div class=\"et_pb_column_3 et_pb_column et-last-child et_flex_column et_pb_css_mix_blend_mode_passthrough et_flex_column_12_24 et_flex_column_12_24_tablet et_flex_column_24_24_phone\">\n<div class=\"et_pb_image_1 et_pb_image et_pb_module et_flex_module\"><span class=\"et_pb_image_wrap\"><img loading=\"lazy\" decoding=\"async\" src=\"https:\/\/2026.arsacs.com\/wp-content\/uploads\/2026\/04\/ARSACS-fundraising.jpg\" title=\"ARSACS - fundraising\" width=\"1920\" height=\"1280\" srcset=\"https:\/\/2026.arsacs.com\/wp-content\/uploads\/2026\/04\/ARSACS-fundraising.jpg 1920w, https:\/\/2026.arsacs.com\/wp-content\/uploads\/2026\/04\/ARSACS-fundraising-1280x853.jpg 1280w, https:\/\/2026.arsacs.com\/wp-content\/uploads\/2026\/04\/ARSACS-fundraising-980x653.jpg 980w, https:\/\/2026.arsacs.com\/wp-content\/uploads\/2026\/04\/ARSACS-fundraising-480x320.jpg 480w\" sizes=\"(min-width: 0px) and (max-width: 480px) 480px, (min-width: 481px) and (max-width: 980px) 980px, (min-width: 981px) and (max-width: 1280px) 1280px, (min-width: 1281px) 1920px, 100vw\" class=\"wp-image-25863\" \/><\/span><\/div>\n\n<div class=\"et_pb_icon_1 et_pb_icon et_pb_module et_flex_module\"><span class=\"et_pb_icon_wrap\"><span class=\"et-pb-icon\">\uf564<\/span><\/span><\/div>\n\n<div class=\"et_pb_text_3 et_pb_text et_pb_bg_layout_light et_pb_module et_flex_module\"><div class=\"et_pb_text_inner\"><h3>Organise a fundraising event or activity<\/h3>\n<p>Get creative \u2014 host a virtual event, take on a challenge, celebrate a birthday with donations, or organize activities like bake sales or merchandise sales. Every contribution makes a difference.<\/p>\n<\/div><\/div>\n\n<div class=\"et_pb_module et_pb_button_module_wrapper et_pb_button_2_wrapper preset--module--divi-button--default_wrapper\"><a class=\"et_pb_button_2 et_pb_button et_pb_bg_layout_dark et_pb_module et_flex_module preset--module--divi-button--default\" href=\"https:\/\/2026.arsacs.com\/fr\/contact\/\">Let the Foundation know<\/a><\/div>\n<\/div>\n<\/div>\n<\/div>\n\n<div class=\"et_pb_section_1 et_pb_section et_section_regular et_block_section section_has_divider et_pb_top_divider et_pb_bottom_divider\"><div class=\"et_pb_top_inside_divider et-no-transition\"><\/div>\n<div class=\"et_pb_row_2 et_pb_row et_flex_row\">\n<div class=\"et_pb_column_4 et_pb_column et-last-child et_flex_column et_pb_css_mix_blend_mode_passthrough et_flex_column_24_24 et_flex_column_24_24_tablet et_flex_column_24_24_phone\">\n<div class=\"et_pb_cta_0 et_pb_promo et_pb_bg_layout_dark et_pb_module et_flex_module\"><div class=\"et_pb_promo_description\"><h2 class=\"et_pb_module_header\">Diner des Producteurs 2025 raises 1.4 millions raised for research<\/h2><div class=\"et_pb_promo_content\"><p>On <strong>November 27, 2025<\/strong> the 18th edition of the D\u00eener des Producteurs took place. The evening was a true success, with nearly <strong>$1.4 million raised in support of research<\/strong>. A special thank-you to our guest chef and winemaker: Chef Julien Royer of Odette in Singapore, as well as Jean-Luc Colombo of Vins Jean-Luc Colombo in France. We would also like to extend our warmest thanks to all the guests, sponsors, and donors who contributed, directly or indirectly, to making this evening an exceptional event dedicated to philanthropy.<\/p>\n<\/div><\/div><\/div>\n\n<div class=\"et_pb_gallery_0 et_pb_gallery et_pb_bg_layout_light et_pb_gallery_grid et_pb_module\" data-auto-rotate=\"off\" data-auto-rotate-speed=\"\"><div class=\"et_pb_gallery_items et_post_gallery clearfix et_grid_module\" data-per_page=\"3\"><div class=\"et_pb_gallery_item et_pb_grid_item et_pb_gallery_item_0_0\"><div class=\"et_pb_gallery_image landscape\" data-per_page=\"3\"><a href=\"https:\/\/2026.arsacs.com\/wp-content\/uploads\/2026\/04\/FA_27112025_-47-1024x683-1.jpg\" title=\"D?ner des Producteurs - 27 Novembre 2025\"><img loading=\"lazy\" decoding=\"async\" width=\"400\" height=\"284\" src=\"https:\/\/2026.arsacs.com\/wp-content\/uploads\/2026\/04\/FA_27112025_-47-1024x683-1-400x284.jpg\" alt=\"\" class=\"wp-image-25864\" srcset=\"https:\/\/2026.arsacs.com\/wp-content\/uploads\/2026\/04\/FA_27112025_-47-1024x683-1.jpg 479w, https:\/\/2026.arsacs.com\/wp-content\/uploads\/2026\/04\/FA_27112025_-47-1024x683-1-400x284.jpg 480w\" sizes=\"(max-width:479px) 479px, 100vw\" \/><span class=\"et_overlay\" data-icon=\"\" data-icon-tablet=\"\" data-icon-phone=\"\"><\/span><\/a><\/div><\/div><div class=\"et_pb_gallery_item et_pb_grid_item et_pb_gallery_item_0_1\"><div class=\"et_pb_gallery_image landscape\" data-per_page=\"3\"><a href=\"https:\/\/2026.arsacs.com\/wp-content\/uploads\/2026\/04\/FA_27112025_-059-1024x683-1.jpg\" title=\"D?ner des Producteurs - 27 Novembre 2025\"><img loading=\"lazy\" decoding=\"async\" width=\"400\" height=\"284\" src=\"https:\/\/2026.arsacs.com\/wp-content\/uploads\/2026\/04\/FA_27112025_-059-1024x683-1-400x284.jpg\" alt=\"\" class=\"wp-image-25865\" srcset=\"https:\/\/2026.arsacs.com\/wp-content\/uploads\/2026\/04\/FA_27112025_-059-1024x683-1.jpg 479w, https:\/\/2026.arsacs.com\/wp-content\/uploads\/2026\/04\/FA_27112025_-059-1024x683-1-400x284.jpg 480w\" sizes=\"(max-width:479px) 479px, 100vw\" \/><span class=\"et_overlay\" data-icon=\"\" data-icon-tablet=\"\" data-icon-phone=\"\"><\/span><\/a><\/div><\/div><div class=\"et_pb_gallery_item et_pb_grid_item et_pb_gallery_item_0_2\"><div class=\"et_pb_gallery_image landscape\" data-per_page=\"3\"><a href=\"https:\/\/2026.arsacs.com\/wp-content\/uploads\/2026\/04\/FA_27112025_-075-1024x683-1.jpg\" title=\"D?ner des Producteurs - 27 Novembre 2025\"><img loading=\"lazy\" decoding=\"async\" width=\"400\" height=\"284\" src=\"https:\/\/2026.arsacs.com\/wp-content\/uploads\/2026\/04\/FA_27112025_-075-1024x683-1-400x284.jpg\" alt=\"\" class=\"wp-image-25866\" srcset=\"https:\/\/2026.arsacs.com\/wp-content\/uploads\/2026\/04\/FA_27112025_-075-1024x683-1.jpg 479w, https:\/\/2026.arsacs.com\/wp-content\/uploads\/2026\/04\/FA_27112025_-075-1024x683-1-400x284.jpg 480w\" sizes=\"(max-width:479px) 479px, 100vw\" \/><span class=\"et_overlay\" data-icon=\"\" data-icon-tablet=\"\" data-icon-phone=\"\"><\/span><\/a><\/div><\/div><\/div><\/div>\n\n<div class=\"et_pb_text_4 et_pb_text et_pb_bg_layout_light et_pb_module et_flex_module\"><div class=\"et_pb_text_inner\"><p style=\"text-align: center;\">Photos by Vincent Morreale.<\/p>\n<\/div><\/div>\n<\/div>\n<\/div>\n<div class=\"et_pb_bottom_inside_divider et-no-transition\"><\/div><\/div>\n\n<div class=\"et_pb_section_2 et_pb_section et_section_regular et_block_section\">\n<div class=\"et_pb_row_3 et_pb_row et_flex_row\">\n<div class=\"et_pb_column_5 et_pb_column et-last-child et_flex_column et_pb_css_mix_blend_mode_passthrough et_flex_column_24_24 et_flex_column_24_24_tablet et_flex_column_24_24_phone\">\n<div class=\"et_pb_text_5 et_pb_text et_pb_bg_layout_light et_pb_module et_flex_module\"><div class=\"et_pb_text_inner\"><h2><span style=\"color: #000000;\">Previous D\u00eener des Producteurs<\/span><\/h2>\n<\/div><\/div>\n<\/div>\n<\/div>\n\n<div class=\"et_pb_row_4 et_pb_row et_flex_row\">\n<div class=\"et_pb_column_6 et_pb_column et_flex_column et_pb_css_mix_blend_mode_passthrough et_flex_column_12_24 et_flex_column_12_24_tablet et_flex_column_24_24_phone\">\n<div class=\"et_pb_text_6 et_pb_text et_pb_bg_layout_light et_pb_module et_flex_module\"><div class=\"et_pb_text_inner\"><h4>2025<\/h4>\n<p><strong>Honorary president:<\/strong> Mr. Benoit Lemieux, president of AI Development<\/p>\n<p><strong>Guest grand chef:<\/strong> Chef Julien Royer of Odette in Singapore<\/p>\n<p><strong>Wine producer:<\/strong> Jean-Luc Colombo of Vins Jean-Luc Colombo<\/p>\n<p><strong>Participation:<\/strong> Maison Veuve Clicquot<\/p>\n<\/div><\/div>\n<\/div>\n\n<div class=\"et_pb_column_7 et_pb_column et-last-child et_flex_column et_pb_css_mix_blend_mode_passthrough et_flex_column_12_24 et_flex_column_12_24_tablet et_flex_column_24_24_phone\">\n<div class=\"et_pb_text_7 et_pb_text et_pb_bg_layout_light et_pb_module et_flex_module\"><div class=\"et_pb_text_inner\"><h4>2024<\/h4>\n<p><strong>Honorary president :<span>\u00a0<\/span><\/strong>Mr. Claude Bigras, Directeur, Pr\u00e9sident et PDG du groupe d'entreprises GDI and his spouse Andr\u00e9e Lafleur.<\/p>\n<p><strong>Guest grand chef:<\/strong><span>\u00a0<\/span>Benjamin Bruno<br \/><strong>Wine producer:<span>\u00a0<\/span><\/strong>Giovanni Frascolla, Domaine Tua Rita<\/p>\n<p><strong>Participation:<\/strong><span>\u00a0<\/span>Maison Veuve Clicquot<\/p>\n<\/div><\/div>\n<\/div>\n<\/div>\n\n<div class=\"et_pb_row_5 et_pb_row et_flex_row\">\n<div class=\"et_pb_column_8 et_pb_column et_flex_column et_pb_css_mix_blend_mode_passthrough et_flex_column_12_24 et_flex_column_12_24_tablet et_flex_column_24_24_phone\">\n<div class=\"et_pb_text_8 et_pb_text et_pb_bg_layout_light et_pb_module et_flex_module\"><div class=\"et_pb_text_inner\"><h4>2023<\/h4>\n<p><strong>Honorary president :<\/strong><span>\u00a0<\/span>Mr. Stephen Courey, President and Founder of Quickstyle Industries inc. and Quintessence boutiquee hotel<\/p>\n<p><strong>Guest grand chef:<\/strong><span>\u00a0<\/span>William Frachot<br \/><strong>Wine producer:<\/strong><span>\u00a0<\/span>Eve Faiveley, Domaine Faiveley<\/p>\n<p><strong>Participation:<\/strong><span>\u00a0<\/span>Maison Veuve Clicquot<\/p>\n<\/div><\/div>\n<\/div>\n\n<div class=\"et_pb_column_9 et_pb_column et-last-child et_flex_column et_pb_css_mix_blend_mode_passthrough et_flex_column_12_24 et_flex_column_12_24_tablet et_flex_column_24_24_phone\">\n<div class=\"et_pb_text_9 et_pb_text et_pb_bg_layout_light et_pb_module et_flex_module\"><div class=\"et_pb_text_inner\"><h4>2022<\/h4>\n<p><strong>Honorary president :<\/strong><span>\u00a0<\/span>Mr. Vincent Chiara, President and Founder of Group MACH.<\/p>\n<p><strong>Guest grand chefs:<\/strong><span>\u00a0<\/span>Emmanuel Renaut<br \/><strong>Wine producer:<\/strong><span>\u00a0<\/span>Michel Chapoutier<\/p>\n<p><strong>Participation:<\/strong><span>\u00a0<\/span>Maison Veuve Clicquot<\/p>\n<\/div><\/div>\n<\/div>\n<\/div>\n\n<div class=\"et_pb_row_6 et_pb_row et_flex_row\">\n<div class=\"et_pb_column_10 et_pb_column et_flex_column et_pb_css_mix_blend_mode_passthrough et_flex_column_12_24 et_flex_column_12_24_tablet et_flex_column_24_24_phone\">\n<div class=\"et_pb_text_10 et_pb_text et_pb_bg_layout_light et_pb_module et_flex_module\"><div class=\"et_pb_text_inner\"><h4>2021<\/h4>\n<p><strong>Honorary president :<\/strong><span>\u00a0<\/span>Mr. Marc B\u00e9dard, Founder and President of Lion Electric Co.<\/p>\n<p><strong>Guest grand chefs:<\/strong><span>\u00a0<\/span>Colombe St Pierre, Daniel V\u00e9zina, Marc Andr\u00e9 Jett\u00e9, Normand Laprise and Raphael V\u00e9zina<\/p>\n<p><strong>Wine producer:<\/strong><span>\u00a0<\/span>Castello Di Ama<\/p>\n<p><strong>Participation:<\/strong><span>\u00a0<\/span>Maison Veuve Clicquot<\/p>\n<\/div><\/div>\n<\/div>\n\n<div class=\"et_pb_column_11 et_pb_column et-last-child et_flex_column et_pb_css_mix_blend_mode_passthrough et_flex_column_12_24 et_flex_column_12_24_tablet et_flex_column_24_24_phone\">\n<div class=\"et_pb_text_11 et_pb_text et_pb_bg_layout_light et_pb_module et_flex_module\"><div class=\"et_pb_text_inner\"><h4>2019<\/h4>\n<p><strong>Honorary president :<\/strong><span>\u00a0<\/span>Mr. Jacques Foisy, Chairman of the Board and Managing Partner, Novacap<\/p>\n<p><strong>Guest grand chef:<\/strong><span>\u00a0<\/span>Pierre Gagnaire<\/p>\n<p><strong>Wine producer:<\/strong><span>\u00a0<\/span>La Maison E. Guigal<\/p>\n<p><strong>Participation:<\/strong><span>\u00a0<\/span>Maison Veuve Clicquot<\/p>\n<\/div><\/div>\n<\/div>\n<\/div>\n\n<div class=\"et_pb_row_7 et_pb_row et_flex_row\">\n<div class=\"et_pb_column_12 et_pb_column et_flex_column et_pb_css_mix_blend_mode_passthrough et_flex_column_12_24 et_flex_column_12_24_tablet et_flex_column_24_24_phone\">\n<div class=\"et_pb_text_12 et_pb_text et_pb_bg_layout_light et_pb_module et_flex_module\"><div class=\"et_pb_text_inner\"><h4>2018<\/h4>\n<p><strong>Honorary president :<\/strong><span>\u00a0<\/span>Mrs. Erin Slater Battat and Mr. Joseph Battat, Maison Battat<\/p>\n<p><strong>Guest grand chef:<\/strong><span>\u00a0<\/span>Massimiliano Alajmo<\/p>\n<p><strong>Wine producer:<\/strong>\u00a0 Domaine Castello del Terriccio &amp; Rossi di Medelana<\/p>\n<p><strong>Participation:<\/strong><span>\u00a0<\/span>Maison Veuve Clicquot<\/p>\n<\/div><\/div>\n<\/div>\n\n<div class=\"et_pb_column_13 et_pb_column et-last-child et_flex_column et_pb_css_mix_blend_mode_passthrough et_flex_column_12_24 et_flex_column_12_24_tablet et_flex_column_24_24_phone\">\n<div class=\"et_pb_text_13 et_pb_text et_pb_bg_layout_light et_pb_module et_flex_module\"><div class=\"et_pb_text_inner\"><h4>2017<\/h4>\n<p><strong>Honorary president :\u00a0<\/strong>Mr. Jean-Guy Desjardins, Chairman and Chief executive Officer, Fiera Capital<\/p>\n<p><strong>Guest grand chef:<\/strong><span>\u00a0<\/span>Eric Ripert<\/p>\n<p><strong>Wine producer:<\/strong>\u00a0 Domaine Fran\u00e7ois Villard and Yves Cuilleron, Cave Cuilleron<\/p>\n<p><strong>Participation:<\/strong><span>\u00a0<\/span>Maison Veuve Clicquot<\/p>\n<\/div><\/div>\n<\/div>\n<\/div>\n\n<div class=\"et_pb_row_8 et_pb_row et_flex_row\">\n<div class=\"et_pb_column_14 et_pb_column et_flex_column et_pb_css_mix_blend_mode_passthrough et_flex_column_12_24 et_flex_column_12_24_tablet et_flex_column_24_24_phone\">\n<div class=\"et_pb_text_14 et_pb_text et_pb_bg_layout_light et_pb_module et_flex_module\"><div class=\"et_pb_text_inner\"><h4>2016<\/h4>\n<p><strong>Honorary president :<\/strong><span>\u00a0<\/span>Mr.Sylvain Corbeil,Groupe Banque TD and Mrs. Nadine Renaud-Tinker, Banque Royale<\/p>\n<p><strong>Guest grand chef:<\/strong><span>\u00a0<\/span>Corey Lee, chef-owner of the Benu Restaurant in San Francisco (Michelin 3 star rated)<\/p>\n<p><strong>Wine producer:<span>\u00a0<\/span><\/strong>Domaine Jacques Prieur<\/p>\n<p><strong>Participation:<\/strong><span>\u00a0<\/span>Maison Veuve Clicquot<\/p>\n<\/div><\/div>\n<\/div>\n\n<div class=\"et_pb_column_15 et_pb_column et-last-child et_flex_column et_pb_css_mix_blend_mode_passthrough et_flex_column_12_24 et_flex_column_12_24_tablet et_flex_column_24_24_phone\">\n<div class=\"et_pb_text_15 et_pb_text et_pb_bg_layout_light et_pb_module et_flex_module\"><div class=\"et_pb_text_inner\"><h4>2015<\/h4>\n<p><strong>Honorary president :<\/strong><span>\u00a0Mrs.Sylvia Soyka, president, Soyka Holdings Inc<\/span><\/p>\n<p><strong>Guest grand chef:<\/strong><span> Normand Laprise, David McMillan and Martin Picard<\/span><\/p>\n<p><strong>Wine producer:<\/strong><span> Virginie Taupenot-Daniel, Domaine Taupenot-Merme (France)<\/span><\/p>\n<p><strong>Participation:<\/strong><span>\u00a0Maison Veuve\u00a0<\/span><span>Clicquot<\/span><\/p>\n<\/div><\/div>\n<\/div>\n<\/div>\n\n<div class=\"et_pb_row_9 et_pb_row et_flex_row\">\n<div class=\"et_pb_column_16 et_pb_column et_flex_column et_pb_css_mix_blend_mode_passthrough et_flex_column_12_24 et_flex_column_12_24_tablet et_flex_column_24_24_phone\">\n<div class=\"et_pb_text_16 et_pb_text et_pb_bg_layout_light et_pb_module et_flex_module\"><div class=\"et_pb_text_inner\"><h4>2014<\/h4>\n<p><strong>Honorary president :<\/strong><span>\u00a0Mr. Jacques Bougie<\/span><\/p>\n<p><strong>Guest grand chef:<\/strong><span> Michel Rostang, France<\/span><\/p>\n<p><strong>Wine producer:<\/strong><span> Claude Chevalier, Domaine Chevalier P\u00e8re et Fils (Bourgogne)<\/span><\/p>\n<p><strong>Participation:<\/strong><span>\u00a0Maison Veuve\u00a0<\/span><span>Clicquot<\/span><\/p>\n<\/div><\/div>\n<\/div>\n\n<div class=\"et_pb_column_17 et_pb_column et-last-child et_flex_column et_pb_css_mix_blend_mode_passthrough et_flex_column_12_24 et_flex_column_12_24_tablet et_flex_column_24_24_phone\">\n<div class=\"et_pb_text_17 et_pb_text et_pb_bg_layout_light et_pb_module et_flex_module\"><div class=\"et_pb_text_inner\"><h4>2013<\/h4>\n<p><strong>Honorary president :<\/strong><span>\u00a0Mr. Andrew Molson, Chairman of the board of NATIONAL<\/span><\/p>\n<p><strong>Guest grand chef:<\/strong><span> Andoni Luis Aduriz, Spain<\/span><\/p>\n<p><strong>Wine producer:<\/strong><span>\u00a0Pablo Alvarez, Maison Vega Sicilia<\/span><\/p>\n<\/div><\/div>\n<\/div>\n<\/div>\n\n<div class=\"et_pb_row_10 et_pb_row et_flex_row\">\n<div class=\"et_pb_column_18 et_pb_column et_flex_column et_pb_css_mix_blend_mode_passthrough et_flex_column_12_24 et_flex_column_12_24_tablet et_flex_column_24_24_phone\">\n<div class=\"et_pb_text_18 et_pb_text et_pb_bg_layout_light et_pb_module et_flex_module\"><div class=\"et_pb_text_inner\"><h4>2012<\/h4>\n<p><strong>Honorary president :<\/strong><span>\u00a0Mr. Lino A. Saputo Jr., Chief Executive Officer and Vice Chairman of the Board, Saputo Inc.<\/span><\/p>\n<p><strong>Guest grand chef:<\/strong><span> Massimo Bottura, Italy<\/span><\/p>\n<p><strong>Wine producer:<\/strong><span>\u00a0Maison Poderi Aldo Conterno, Italy<\/span><\/p>\n<\/div><\/div>\n<\/div>\n\n<div class=\"et_pb_column_19 et_pb_column et-last-child et_flex_column et_pb_css_mix_blend_mode_passthrough et_flex_column_12_24 et_flex_column_12_24_tablet et_flex_column_24_24_phone\">\n<div class=\"et_pb_text_19 et_pb_text et_pb_bg_layout_light et_pb_module et_flex_module\"><div class=\"et_pb_text_inner\"><h4>2011<\/h4>\n<p><strong>Honorary president :<\/strong><span>\u00a0Mrs. Isabelle Hudon, President, Sun Life Financial, Quebec<\/span><\/p>\n<p><strong>Guest grand chef:<\/strong><span> Anne-Sophie Pic, France<\/span><\/p>\n<p><strong>Wine producer:<\/strong><span>\u00a0Maison Joseph Drouhin, France<\/span><\/p>\n<\/div><\/div>\n<\/div>\n<\/div>\n\n<div class=\"et_pb_row_11 et_pb_row et_flex_row\">\n<div class=\"et_pb_column_20 et_pb_column et_flex_column et_pb_css_mix_blend_mode_passthrough et_flex_column_12_24 et_flex_column_12_24_tablet et_flex_column_24_24_phone\">\n<div class=\"et_pb_text_20 et_pb_text et_pb_bg_layout_light et_pb_module et_flex_module\"><div class=\"et_pb_text_inner\"><h4>2010<\/h4>\n<p><strong>Honorary president:<\/strong><span>\u00a0Mr. Serge Godin, Founder and Executive Chairman of the Board of CGI<\/span><\/p>\n<p><strong>Guest grand chef:<\/strong><span> Daniel Boulud, France<\/span><\/p>\n<p><strong>Wine producer:<\/strong><span>\u00a0Maison Giuseppe Mascarello e Figlio<\/span><\/p>\n<\/div><\/div>\n<\/div>\n\n<div class=\"et_pb_column_21 et_pb_column et-last-child et_flex_column et_pb_css_mix_blend_mode_passthrough et_flex_column_12_24 et_flex_column_12_24_tablet et_flex_column_24_24_phone\">\n<div class=\"et_pb_text_21 et_pb_text et_pb_bg_layout_light et_pb_module et_flex_module\"><div class=\"et_pb_text_inner\"><h4>2009<\/h4>\n<p><strong>Honorary president:<\/strong><span>\u00a0Mr. Laurent Verreault, Chairman of the Board of Directors and Chief Executive Officer, GLV<\/span><\/p>\n<p><strong>Wine producer:<\/strong><span>\u00a0Gian Annibale Rossi di Medelana, Castello Del Terriccio, Italy<\/span><\/p>\n<\/div><\/div>\n<\/div>\n<\/div>\n\n<div class=\"et_pb_row_12 et_pb_row et_flex_row\">\n<div class=\"et_pb_column_22 et_pb_column et_flex_column et_pb_css_mix_blend_mode_passthrough et_flex_column_12_24 et_flex_column_12_24_tablet et_flex_column_24_24_phone\">\n<div class=\"et_pb_text_22 et_pb_text et_pb_bg_layout_light et_pb_module et_flex_module\"><div class=\"et_pb_text_inner\"><h4>2008<\/h4>\n<p><strong>Honorary president :<\/strong><span>\u00a0<\/span>Mr. L. Jacques M\u00e9nard, Chairman, BMO Nesbitt Burns and President, BMO Financial Group, Quebec<\/p>\n<p><strong>Wine producer:<\/strong> Podere Castorani<\/p>\n<p><strong>Special guest:<\/strong><span>\u00a0<\/span>Jarno Truli, Formula 1 Toyota driver<\/p>\n<\/div><\/div>\n<\/div>\n\n<div class=\"et_pb_column_23 et_pb_column et-last-child et_flex_column et_pb_column_empty et_pb_css_mix_blend_mode_passthrough et_flex_column_12_24 et_flex_column_12_24_tablet et_flex_column_24_24_phone\"><\/div>\n<\/div>\n<\/div>","protected":false},"excerpt":{"rendered":"","protected":false},"author":3,"featured_media":0,"parent":0,"menu_order":0,"comment_status":"closed","ping_status":"closed","template":"","meta":{"footnotes":""},"class_list":["post-12730","page","type-page","status-publish","hentry"],"_links":{"self":[{"href":"https:\/\/2026.arsacs.com\/fr\/wp-json\/wp\/v2\/pages\/12730","targetHints":{"allow":["GET"]}}],"collection":[{"href":"https:\/\/2026.arsacs.com\/fr\/wp-json\/wp\/v2\/pages"}],"about":[{"href":"https:\/\/2026.arsacs.com\/fr\/wp-json\/wp\/v2\/types\/page"}],"author":[{"embeddable":true,"href":"https:\/\/2026.arsacs.com\/fr\/wp-json\/wp\/v2\/users\/3"}],"replies":[{"embeddable":true,"href":"https:\/\/2026.arsacs.com\/fr\/wp-json\/wp\/v2\/comments?post=12730"}],"version-history":[{"count":147,"href":"https:\/\/2026.arsacs.com\/fr\/wp-json\/wp\/v2\/pages\/12730\/revisions"}],"predecessor-version":[{"id":25934,"href":"https:\/\/2026.arsacs.com\/fr\/wp-json\/wp\/v2\/pages\/12730\/revisions\/25934"}],"wp:attachment":[{"href":"https:\/\/2026.arsacs.com\/fr\/wp-json\/wp\/v2\/media?parent=12730"}],"curies":[{"name":"wp","href":"https:\/\/api.w.org\/{rel}","templated":true}]}}